{"id":1160,"date":"2023-11-22T15:26:17","date_gmt":"2023-11-22T14:26:17","guid":{"rendered":"https:\/\/dev.eb-bruehl.com\/imprint\/"},"modified":"2024-08-28T12:22:09","modified_gmt":"2024-08-28T10:22:09","slug":"imprint","status":"publish","type":"page","link":"https:\/\/eb-bruehl.com\/en\/imprint\/","title":{"rendered":"Imprint"},"content":{"rendered":"\t\t<div data-elementor-type=\"wp-page\" data-elementor-id=\"1160\" class=\"elementor elementor-1160 elementor-7\" data-elementor-post-type=\"page\">\n\t\t\t\t<div class=\"elementor-element elementor-element-63a06c3 e-con-full e-flex e-con e-parent\" data-id=\"63a06c3\" data-element_type=\"container\" data-e-type=\"container\">\n\t\t<div class=\"elementor-element elementor-element-b9d32a2 e-con-full e-flex e-con e-child\" data-id=\"b9d32a2\" data-element_type=\"container\" data-e-type=\"container\">\n\t\t\t\t<div class=\"elementor-element elementor-element-7799375 elementor-widget elementor-widget-heading\" data-id=\"7799375\" data-element_type=\"widget\" data-e-type=\"widget\" data-widget_type=\"heading.default\">\n\t\t\t\t<div class=\"elementor-widget-container\">\n\t\t\t\t\t<h1 class=\"elementor-heading-title elementor-size-default\">Imprint<\/h1>\t\t\t\t<\/div>\n\t\t\t\t<\/div>\n\t\t\t\t<\/div>\n\t\t\t\t<\/div>\n\t\t<div class=\"elementor-element elementor-element-1bc6c1b e-flex e-con-boxed e-con e-parent\" data-id=\"1bc6c1b\" data-element_type=\"container\" data-e-type=\"container\">\n\t\t\t\t\t<div class=\"e-con-inner\">\n\t\t\t\t<div class=\"elementor-element elementor-element-67f8557 elementor-widget elementor-widget-spacer\" data-id=\"67f8557\" data-element_type=\"widget\" data-e-type=\"widget\" data-widget_type=\"spacer.default\">\n\t\t\t\t<div class=\"elementor-widget-container\">\n\t\t\t\t\t\t\t<div class=\"elementor-spacer\">\n\t\t\t<div class=\"elementor-spacer-inner\"><\/div>\n\t\t<\/div>\n\t\t\t\t\t\t<\/div>\n\t\t\t\t<\/div>\n\t\t\t\t\t<\/div>\n\t\t\t\t<\/div>\n\t\t<div class=\"elementor-element elementor-element-d901fcc e-flex e-con-boxed e-con e-parent\" data-id=\"d901fcc\" data-element_type=\"container\" data-e-type=\"container\">\n\t\t\t\t\t<div class=\"e-con-inner\">\n\t\t<div class=\"elementor-element elementor-element-967a8f5 e-con-full e-flex e-con e-child\" data-id=\"967a8f5\" data-element_type=\"container\" data-e-type=\"container\">\n\t\t\t\t<div class=\"elementor-element elementor-element-d005f39 elementor-widget elementor-widget-heading\" data-id=\"d005f39\" data-element_type=\"widget\" data-e-type=\"widget\" data-widget_type=\"heading.default\">\n\t\t\t\t<div class=\"elementor-widget-container\">\n\t\t\t\t\t<h2 class=\"elementor-heading-title elementor-size-default\">The company  <\/h2>\t\t\t\t<\/div>\n\t\t\t\t<\/div>\n\t\t\t\t<div class=\"elementor-element elementor-element-f49a234 elementor-widget elementor-widget-text-editor\" data-id=\"f49a234\" data-element_type=\"widget\" data-e-type=\"widget\" data-widget_type=\"text-editor.default\">\n\t\t\t\t<div class=\"elementor-widget-container\">\n\t\t\t\t\t\t\t\t\t<p><strong>Seat:<\/strong><\/p>\n<p>Br\u00fchl<\/p>\n<p><strong>Chairman of the Supervisory Board:<\/strong><br \/>R\u00fcdiger von Waldow<\/p>\n<p><strong>Commercial register:<\/strong><br \/>Cologne Local Court HRB 43238<\/p>\n<p><strong>VAT ID no.:<\/strong><br \/>DE 123 493 389<\/p>\n\t\t\t\t\t\t\t\t<\/div>\n\t\t\t\t<\/div>\n\t\t\t\t<\/div>\n\t\t<div class=\"elementor-element elementor-element-d441776 e-con-full e-flex e-con e-child\" data-id=\"d441776\" data-element_type=\"container\" data-e-type=\"container\">\n\t\t\t\t<div class=\"elementor-element elementor-element-d46571e elementor-widget elementor-widget-heading\" data-id=\"d46571e\" data-element_type=\"widget\" data-e-type=\"widget\" data-widget_type=\"heading.default\">\n\t\t\t\t<div class=\"elementor-widget-container\">\n\t\t\t\t\t<h2 class=\"elementor-heading-title elementor-size-default\">Management  <\/h2>\t\t\t\t<\/div>\n\t\t\t\t<\/div>\n\t\t\t\t<div class=\"elementor-element elementor-element-0b6d4e1 elementor-widget elementor-widget-text-editor\" data-id=\"0b6d4e1\" data-element_type=\"widget\" data-e-type=\"widget\" data-widget_type=\"text-editor.default\">\n\t\t\t\t<div class=\"elementor-widget-container\">\n\t\t\t\t\t\t\t\t\t<p>Matthias Pampus-Meder<br \/>Thomas Friedrich<\/p>\n\t\t\t\t\t\t\t\t<\/div>\n\t\t\t\t<\/div>\n\t\t\t\t<\/div>\n\t\t<div class=\"elementor-element elementor-element-a2aaf0c e-con-full e-flex e-con e-child\" data-id=\"a2aaf0c\" data-element_type=\"container\" data-e-type=\"container\">\n\t\t\t\t<div class=\"elementor-element elementor-element-b4ea0db elementor-widget elementor-widget-heading\" data-id=\"b4ea0db\" data-element_type=\"widget\" data-e-type=\"widget\" data-widget_type=\"heading.default\">\n\t\t\t\t<div class=\"elementor-widget-container\">\n\t\t\t\t\t<h2 class=\"elementor-heading-title elementor-size-default\">Contact us  <\/h2>\t\t\t\t<\/div>\n\t\t\t\t<\/div>\n\t\t\t\t<div class=\"elementor-element elementor-element-11e3bc0 elementor-widget elementor-widget-text-editor\" data-id=\"11e3bc0\" data-element_type=\"widget\" data-e-type=\"widget\" data-widget_type=\"text-editor.default\">\n\t\t\t\t<div class=\"elementor-widget-container\">\n\t\t\t\t\t\t\t\t\t<p>Eisenwerk Br\u00fchl GmbH<br \/>K\u00f6lnstra\u00dfe 262 &#8211; 266<br \/>50321 Br\u00fchl<\/p>\n<p>Telephone: (0049) &#8211; (0)2232 &#8211; 75-0<br \/>Fax: (0049) &#8211; (0)2232 &#8211; 75-205<\/p>\n\t\t\t\t\t\t\t\t<\/div>\n\t\t\t\t<\/div>\n\t\t\t\t<\/div>\n\t\t\t\t\t<\/div>\n\t\t\t\t<\/div>\n\t\t<div class=\"elementor-element elementor-element-95ea0d7 e-flex e-con-boxed e-con e-parent\" data-id=\"95ea0d7\" data-element_type=\"container\" data-e-type=\"container\">\n\t\t\t\t\t<div class=\"e-con-inner\">\n\t\t\t\t<div class=\"elementor-element elementor-element-d5e3703 elementor-widget elementor-widget-text-editor\" data-id=\"d5e3703\" data-element_type=\"widget\" data-e-type=\"widget\" data-widget_type=\"text-editor.default\">\n\t\t\t\t<div class=\"elementor-widget-container\">\n\t\t\t\t\t\t\t\t\t<p><strong>Concept &amp; design of the homepage:  <\/strong><\/p>\n<p><a href=\"https:\/\/www.uri-team.de\/webdesign\/\" target=\"_blank\" rel=\"noopener\"><a href=\"https:\/\/www.uri-team.de\/webdesign\/\" target=\"_blank\" rel=\"noopener\">URI GmbH &amp; Co KG, Heike L\u00fcck<\/a><\/a><\/p>\n\t\t\t\t\t\t\t\t<\/div>\n\t\t\t\t<\/div>\n\t\t\t\t<div class=\"elementor-element elementor-element-2e1f61e elementor-widget elementor-widget-spacer\" data-id=\"2e1f61e\" data-element_type=\"widget\" data-e-type=\"widget\" data-widget_type=\"spacer.default\">\n\t\t\t\t<div class=\"elementor-widget-container\">\n\t\t\t\t\t\t\t<div class=\"elementor-spacer\">\n\t\t\t<div class=\"elementor-spacer-inner\"><\/div>\n\t\t<\/div>\n\t\t\t\t\t\t<\/div>\n\t\t\t\t<\/div>\n\t\t\t\t\t<\/div>\n\t\t\t\t<\/div>\n\t\t\t\t<\/div>\n\t\t","protected":false},"excerpt":{"rendered":"<p>Imprint The company Seat: Br\u00fchl Chairman of the Supervisory Board:R\u00fcdiger von Waldow Commercial register:Cologne Local Court HRB 43238 VAT ID no.:DE 123 493 389 Management Matthias Pampus-MederThomas Friedrich Contact us Eisenwerk Br\u00fchl GmbHK\u00f6lnstra\u00dfe 262 &#8211; 26650321 Br\u00fchl Telephone: (0049) &#8211; (0)2232 &#8211; 75-0Fax: (0049) &#8211; (0)2232 &#8211; 75-205 Concept &amp; design of the homepage: URI [&hellip;]<\/p>\n","protected":false},"author":1,"featured_media":0,"parent":0,"menu_order":0,"comment_status":"closed","ping_status":"closed","template":"elementor_header_footer","meta":{"footnotes":""},"class_list":["post-1160","page","type-page","status-publish","hentry"],"_links":{"self":[{"href":"https:\/\/eb-bruehl.com\/en\/wp-json\/wp\/v2\/pages\/1160","targetHints":{"allow":["GET"]}}],"collection":[{"href":"https:\/\/eb-bruehl.com\/en\/wp-json\/wp\/v2\/pages"}],"about":[{"href":"https:\/\/eb-bruehl.com\/en\/wp-json\/wp\/v2\/types\/page"}],"author":[{"embeddable":true,"href":"https:\/\/eb-bruehl.com\/en\/wp-json\/wp\/v2\/users\/1"}],"replies":[{"embeddable":true,"href":"https:\/\/eb-bruehl.com\/en\/wp-json\/wp\/v2\/comments?post=1160"}],"version-history":[{"count":2,"href":"https:\/\/eb-bruehl.com\/en\/wp-json\/wp\/v2\/pages\/1160\/revisions"}],"predecessor-version":[{"id":3504,"href":"https:\/\/eb-bruehl.com\/en\/wp-json\/wp\/v2\/pages\/1160\/revisions\/3504"}],"wp:attachment":[{"href":"https:\/\/eb-bruehl.com\/en\/wp-json\/wp\/v2\/media?parent=1160"}],"curies":[{"name":"wp","href":"https:\/\/api.w.org\/{rel}","templated":true}]}}